{"id":6,"date":"2025-01-01T14:50:50","date_gmt":"2025-01-01T13:50:50","guid":{"rendered":"https:\/\/www.bymood.design\/?page_id=6"},"modified":"2026-01-25T21:12:54","modified_gmt":"2026-01-25T20:12:54","slug":"kontakt","status":"publish","type":"page","link":"https:\/\/www.bymood.design\/en\/kontakt\/","title":{"rendered":"Kontakt"},"content":{"rendered":"\t\t<div data-elementor-type=\"wp-post\" data-elementor-id=\"6\" class=\"elementor elementor-6\" data-elementor-post-type=\"page\">\n\t\t\t\t<div class=\"elementor-element elementor-element-1cb0386a e-flex e-con-boxed e-con e-parent\" data-id=\"1cb0386a\" data-element_type=\"container\" data-e-type=\"container\">\n\t\t\t\t\t<div class=\"e-con-inner\">\n\t\t\t\t<div class=\"elementor-element elementor-element-3ba611c elementor-widget elementor-widget-slider_revolution\" data-id=\"3ba611c\" data-element_type=\"widget\" data-e-type=\"widget\" data-widget_type=\"slider_revolution.default\">\n\t\t\t\t\t<div class=\"wp-block-themepunch-revslider revslider\">\n\t\t\t\t<p class=\"rs-p-wp-fix\"><\/p>\n\t\t\t\t<sr7-module data-alias=\"byMood-Menu\" data-id=\"101\" id=\"SR7_101_1\" data-version=\"7.0.10\">\n\t\t\t\t\t<sr7-adjuster><\/sr7-adjuster>\n\t\t\t\t\t<sr7-content>\n\t\t\t\t\t\t<sr7-slide id=\"SR7_101_1-252\" data-key=\"252\">\n\t\t\t\t\t\t\t<a id=\"SR7_101_1-252-1\" class=\"sr7-layer\" href=\"http:\/\/bymood.design\/construction\" target=\"_self\" rel=\"noopener\">Construction<\/a>\n\t\t\t\t\t\t\t<a id=\"SR7_101_1-252-102\" class=\"sr7-layer\" href=\"http:\/\/www.bymood.design\/o-nas\/\" target=\"_self\">O n\u00e1s<\/a>\n\t\t\t\t\t\t\t<a id=\"SR7_101_1-252-103\" class=\"sr7-layer\" href=\"http:\/\/www.bymood.design\/projekty\/\" target=\"_self\">Projekty<\/a>\n\t\t\t\t\t\t\t<a id=\"SR7_101_1-252-108\" class=\"sr7-layer\" href=\"http:\/\/www.bymood.design\/\" target=\"_self\">Home<\/a>\n\t\t\t\t\t\t\t<a id=\"SR7_101_1-252-109\" class=\"sr7-layer\" href=\"http:\/\/bymood.design\/kontakt\" target=\"_self\" rel=\"noopener\">Kontakt<\/a>\n\t\t\t\t\t\t\t<a id=\"SR7_101_1-252-111\" class=\"sr7-layer\" href=\"http:\/\/sk.pinterest.com\/bymooddesign\/\" target=\"_blank\" rel=\"noopener\">Pinterest<\/a>\n\t\t\t\t\t\t\t<a id=\"SR7_101_1-252-112\" class=\"sr7-layer\" href=\"http:\/\/www.instagram.com\/bymood.design\" target=\"_self\" rel=\"noopener\">Instagram<\/a>\n\t\t\t\t\t\t\t<a id=\"SR7_101_1-252-113\" class=\"sr7-layer\" href=\"http:\/\/www.facebook.com\/bymood.design\" target=\"_blank\" rel=\"noopener\">Facebook<\/a>\n\t\t\t\t\t\t<\/sr7-slide>\n\t\t\t\t\t\t<sr7-slide id=\"SR7_101_1-271\" data-key=\"271\">\n\t\t\t\t\t\t<\/sr7-slide>\n\t\t\t\t\t<\/sr7-content>\n\t\t\t\t\t<image_lists style=\"display:none\">\n\t\t\t\t\t\t<img data-src=\"\/\/www.bymood.design\/wp-content\/uploads\/revslider\/o\/101\/a527a877bb92643524b3a6b932c98c7f.webp\" data-libid=\"1265\" data-lib=\"medialibrary\" title=\"byMOOD-WB-F\" width=\"0\" height=\"0\" data-dbsrc=\"Ly93d3cuYnltb29kLmRlc2lnbi93cC1jb250ZW50L3VwbG9hZHMvMjAyNS8wMi9ieU1PT0QtV0ItRi1lMTczOTA0NDQ2OTg5NS5wbmc=\"\/>\n\t\t\t\t\t<\/image_lists>\n\t\t\t\t<\/sr7-module>\n\t\t\t\t<script>\n\t\t\t\t\twindow.SR7??={}; SR7.PMH ??={}; SR7.PMH[\"SR7_101_1\"] = {cn:100,state:false,fn: function() { if (window._tpt!==undefined && window._tpt.prepareModuleHeight !== undefined) {  _tpt.prepareModuleHeight({id:\"SR7_101_1\",el:[900,900,768,960,720],fixed:true,type:'hero',gh:[900,900,768,960,720],gw:[1240,1240,1024,778,480],vpt:['200px&#039;,&#039;200px&#039;,&#039;200px&#039;,&#039;200px&#039;,&#039;200px'],size:{fullWidth:true, fullHeight:true},fho:'',mh:'0',onh:0,onw:0,bg:{color:'{\"orig\":\"transparent\",\"type\":\"solid\",\"string\":\"transparent\"}'}});   SR7.PMH[\"SR7_101_1\"].state=true;} else if(SR7.PMH[\"SR7_101_1\"].cn-->0)\tsetTimeout( SR7.PMH[\"SR7_101_1\"].fn,19);}};SR7.PMH[\"SR7_101_1\" ].fn();\n\t\t\t\t<\/script>\n<\/div>\t\t\t\t<\/div>\n\t\t\t\t\t<\/div>\n\t\t\t\t<\/div>\n\t\t<div class=\"elementor-element elementor-element-32e7d15 e-flex e-con-boxed e-con e-parent\" data-id=\"32e7d15\" data-element_type=\"container\" data-e-type=\"container\">\n\t\t\t\t\t<div class=\"e-con-inner\">\n\t\t\t\t<div class=\"elementor-element elementor-element-0868f78 elementor-widget elementor-widget-slider_revolution\" data-id=\"0868f78\" data-element_type=\"widget\" data-e-type=\"widget\" data-widget_type=\"slider_revolution.default\">\n\t\t\t\t\t<div class=\"wp-block-themepunch-revslider revslider\">\n\t\t\t\t<p class=\"rs-p-wp-fix\"><\/p>\n\t\t\t\t<sr7-module data-alias=\"peak-footer\" data-id=\"12\" id=\"SR7_12_2\" data-version=\"7.0.10\">\n\t\t\t\t\t<sr7-adjuster><\/sr7-adjuster>\n\t\t\t\t\t<sr7-content>\n\t\t\t\t\t\t<sr7-slide id=\"SR7_12_2-29\" data-key=\"29\">\n\t\t\t\t\t\t\t<sr7-txt id=\"SR7_12_2-29-3\" class=\"sr7-layer\">H\u013ead\u00e1te partnera, ktor\u00fd v\u00e1\u0161 interi\u00e9r povedie osobne od prv\u00e9ho n\u00e1vrhu po hotov\u00fd domov?<\/sr7-txt>\n\t\t\t\t\t\t\t<sr7-txt id=\"SR7_12_2-29-4\" class=\"sr7-layer\">ADRESA<\/sr7-txt>\n\t\t\t\t\t\t\t<sr7-txt id=\"SR7_12_2-29-5\" class=\"sr7-layer\">Ozvite sa n\u00e1m. Na \u00favod sta\u010d\u00ed p\u00f4dorys, lokalita a z\u00e1kladn\u00e1 predstava o projekte. <br>Spolo\u010dne prejdeme mo\u017enosti spolupr\u00e1ce a navrhneme \u010fal\u0161\u00ed postup.<\/sr7-txt>\n\t\t\t\t\t\t\t<sr7-txt id=\"SR7_12_2-29-6\" class=\"sr7-layer\">KONTAKTUJTE N\u00c1S<\/sr7-txt>\n\t\t\t\t\t\t\t<sr7-txt id=\"SR7_12_2-29-11\" class=\"sr7-layer\">KONTAKT<\/sr7-txt>\n\t\t\t\t\t\t\t<sr7-txt id=\"SR7_12_2-29-12\" class=\"sr7-layer\">Opavsk\u00e1 18, 831 01<br\/>Bratislava, Slovakia<\/sr7-txt>\n\t\t\t\t\t\t\t<a id=\"SR7_12_2-29-15\" class=\"sr7-layer\" href=\"mailto:hello@bymood.design\" target=\"_blank\">hello@bymood.design<\/a>\n\t\t\t\t\t\t\t<sr7-txt id=\"SR7_12_2-29-16\" class=\"sr7-layer\">TELEF\u00d3N<\/sr7-txt>\n\t\t\t\t\t\t\t<sr7-txt id=\"SR7_12_2-29-17\" class=\"sr7-layer\">SLEDUJ N\u00c1S<\/sr7-txt>\n\t\t\t\t\t\t\t<a id=\"SR7_12_2-29-18\" class=\"sr7-layer\" href=\"tel:+421918305996\" target=\"_blank\">+421 918 305 996<\/a>\n\t\t\t\t\t\t\t<a id=\"SR7_12_2-29-19\" class=\"sr7-layer\" href=\"http:\/\/www.facebook.com\/profile.php?id=100090106757080\" target=\"_self\" rel=\"noopener\">Fb<\/a>\n\t\t\t\t\t\t\t<a id=\"SR7_12_2-29-21\" class=\"sr7-layer\" href=\"http:\/\/www.instagram.com\/bymood.design\/\" target=\"_blank\" rel=\"noopener\">In<\/a>\n\t\t\t\t\t\t\t<a id=\"SR7_12_2-29-22\" class=\"sr7-layer\" href=\"http:\/\/sk.pinterest.com\/bymooddesign\/\" target=\"_blank\" rel=\"noopener\">Pin<\/a>\n\t\t\t\t\t\t\t<sr7-txt id=\"SR7_12_2-29-33\" class=\"sr7-layer\">DOHODN\u00da\u0164 STRETNUTIE<\/sr7-txt>\n\t\t\t\t\t\t<\/sr7-slide>\n\t\t\t\t\t\t<sr7-slide id=\"SR7_12_2-33\" data-key=\"33\">\n\t\t\t\t\t\t<\/sr7-slide>\n\t\t\t\t\t<\/sr7-content>\n\t\t\t\t\t<image_lists style=\"display:none\">\n\t\t\t\t\t\t<img data-src=\"\/\/www.bymood.design\/wp-content\/uploads\/revslider\/o\/12\/48c48663e99e48b69ec5fa972d83cdbb.webp\" data-libid=\"1237\" data-lib=\"medialibrary\" title=\"byMOOD-CB-F\" width=\"0\" height=\"0\" data-dbsrc=\"Ly93d3cuYnltb29kLmRlc2lnbi93cC1jb250ZW50L3VwbG9hZHMvMjAyNS8wMi9ieU1PT0QtQ0ItRi5wbmc=\"\/>\n\t\t\t\t\t\t<img data-src=\"\/\/www.bymood.design\/wp-content\/uploads\/revslider\/o\/12\/8fabd0b96efc823975bc954bce00ebf2.webp\" data-libid=\"1238\" data-lib=\"medialibrary\" title=\"02-living_room-02\" width=\"0\" height=\"0\" data-dbsrc=\"Ly93d3cuYnltb29kLmRlc2lnbi93cC1jb250ZW50L3VwbG9hZHMvMjAyNS8wMi8wMi1saXZpbmdfcm9vbS0wMi1zY2FsZWQuanBn\"\/>\n\t\t\t\t\t<\/image_lists>\n\t\t\t\t<\/sr7-module>\n\t\t\t\t<script>\n\t\t\t\t\twindow.SR7??={}; SR7.PMH ??={}; SR7.PMH[\"SR7_12_2\"] = {cn:100,state:false,fn: function() { if (window._tpt!==undefined && window._tpt.prepareModuleHeight !== undefined) {  _tpt.prepareModuleHeight({id:\"SR7_12_2\",el:[709,709,755,954,944],type:'hero',gh:[709,709,755,954,944],gw:[1240,1240,1024,778,480],vpt:['-200px&#039;,&#039;-200px&#039;,&#039;-200px&#039;,&#039;-200px&#039;,&#039;-200px'],size:{fullWidth:false, fullHeight:false},mh:'0',onh:0,onw:0,bg:{color:'{\"orig\":\"transparent\",\"type\":\"solid\",\"string\":\"transparent\"}'}});   SR7.PMH[\"SR7_12_2\"].state=true;} else if(SR7.PMH[\"SR7_12_2\"].cn-->0)\tsetTimeout( SR7.PMH[\"SR7_12_2\"].fn,19);}};SR7.PMH[\"SR7_12_2\" ].fn();\n\t\t\t\t<\/script>\n<\/div>\t\t\t\t<\/div>\n\t\t\t\t\t<\/div>\n\t\t\t\t<\/div>\n\t\t\t\t<\/div>\n\t\t","protected":false},"excerpt":{"rendered":"<p>Potrebujete interi\u00e9r na k\u013e\u00fa\u010d v najvy\u0161\u0161om \u0161tandarde? Kontaktujte byMOOD. hello@bymood.design alebo + 421 918 305 996 Konzult\u00e1cia, n\u00e1vrh, realiz\u00e1cia a post-care. Bratislava, SK\/CZ\/AT.<\/p>","protected":false},"author":1,"featured_media":1523,"parent":0,"menu_order":0,"comment_status":"closed","ping_status":"closed","template":"","meta":{"rs_blank_template":"","rs_page_bg_color":"","slide_template_v7":"","_monsterinsights_skip_tracking":false,"_monsterinsights_sitenote_active":false,"_monsterinsights_sitenote_note":"","_monsterinsights_sitenote_category":0,"footnotes":""},"class_list":["post-6","page","type-page","status-publish","has-post-thumbnail","hentry"],"_links":{"self":[{"href":"https:\/\/www.bymood.design\/en\/wp-json\/wp\/v2\/pages\/6","targetHints":{"allow":["GET"]}}],"collection":[{"href":"https:\/\/www.bymood.design\/en\/wp-json\/wp\/v2\/pages"}],"about":[{"href":"https:\/\/www.bymood.design\/en\/wp-json\/wp\/v2\/types\/page"}],"author":[{"embeddable":true,"href":"https:\/\/www.bymood.design\/en\/wp-json\/wp\/v2\/users\/1"}],"replies":[{"embeddable":true,"href":"https:\/\/www.bymood.design\/en\/wp-json\/wp\/v2\/comments?post=6"}],"version-history":[{"count":6,"href":"https:\/\/www.bymood.design\/en\/wp-json\/wp\/v2\/pages\/6\/revisions"}],"predecessor-version":[{"id":3137,"href":"https:\/\/www.bymood.design\/en\/wp-json\/wp\/v2\/pages\/6\/revisions\/3137"}],"wp:featuredmedia":[{"embeddable":true,"href":"https:\/\/www.bymood.design\/en\/wp-json\/wp\/v2\/media\/1523"}],"wp:attachment":[{"href":"https:\/\/www.bymood.design\/en\/wp-json\/wp\/v2\/media?parent=6"}],"curies":[{"name":"wp","href":"https:\/\/api.w.org\/{rel}","templated":true}]}}